{"id":1316,"date":"2018-07-11T10:39:02","date_gmt":"2018-07-11T10:39:02","guid":{"rendered":"https:\/\/descubrelhorta.com\/politica-de-privacidad\/"},"modified":"2018-07-11T10:39:02","modified_gmt":"2018-07-11T10:39:02","slug":"politica-de-privacidad","status":"publish","type":"page","link":"https:\/\/descubrelhorta.com\/fr\/politica-de-privacidad\/","title":{"rendered":"Pol\u00edtica de privacidad"},"content":{"rendered":"\n<h2 class=\"wp-block-heading\"><strong>Pol\u00edtica de privacidad y protecci\u00f3n de datos<\/strong><\/h2>\n\n\n\n<p>Pol\u00edtica de Privacidad y Protecci\u00f3n de Datos Personales Descubre l\u2019horta.<\/p>\n\n\n\n<ol class=\"wp-block-list\"><li>POLITICA Y CLA\u00daSULAS DE PRIVACIDAD.<\/li><\/ol>\n\n\n\n<p>Esta declaraci\u00f3n tiene como finalidad informar a los usuarios de la \nPol\u00edtica general de Privacidad y Protecci\u00f3n de Datos Personales seguida \npor Descubre l\u2019horta. Esta Pol\u00edtica de Privacidad podr\u00eda variar en \nfunci\u00f3n de exigencias legislativas o de autorregulaci\u00f3n, por lo que se \naconseja a los usuarios que la visiten peri\u00f3dicamente Ser\u00e1 aplicable en \ncaso de que los usuarios decidan rellenar alg\u00fan formulario donde se \nrecaben datos de car\u00e1cter personal, sin perjuicio de lo indicado en la \n\u201cCl\u00e1usula de Privacidad\u201d aplicable a cada formulario concreto.<\/p>\n\n\n\n<ol class=\"wp-block-list\"><li>USO Y TRATAMIENTO DE LOS DATOS.<\/li><\/ol>\n\n\n\n<p>Descubre l\u2019horta tiene plena conciencia del uso y tratamiento que se \ndebe dar a los datos personales que se puedan requerir o que se puedan \nobtener de los usuarios en sus p\u00e1ginas web con el fin de gestionar los \nservicios ofrecidos o para remitirles comunicaciones comerciales de \nproductos o servicios que puedan resultar de su inter\u00e9s.<\/p>\n\n\n\n<ol class=\"wp-block-list\"><li>SECRETO Y SEGURIDAD DE LOS DATOS.<\/li><\/ol>\n\n\n\n<p>Descubre l\u2019hortase compromete al cumplimiento de su obligaci\u00f3n de \nsecreto de los datos de car\u00e1cter personal y su deber de guardarlos, y \nadoptar\u00e1n las medidas de \u00edndole t\u00e9cnica y organizativa necesarias que \ngaranticen la seguridad de los datos de car\u00e1cter personal y eviten su \nalteraci\u00f3n, p\u00e9rdida, tratamiento o acceso no autorizado, habida cuenta \ndel estado de la tecnolog\u00eda, de acuerdo con lo establecido por el RLOPD.\n Sin embargo, Descubre l\u2019horta no puede garantizar la absoluta \ninexpugnabilidad de la red Internet y por tanto la violaci\u00f3n de los \ndatos mediante accesos fraudulentos a ellos por parte de terceros.<\/p>\n\n\n\n<ol class=\"wp-block-list\"><li>USO DE COOKIES.<\/li><\/ol>\n\n\n\n<p>La &nbsp;Web Descubre l\u2019horta utiliza cookies. La cookie es un peque\u00f1o \narchivo de texto que el servidor del sitio web ubica en el disco duro \ndel equipo del usuario para recoger datos estad\u00edsticos sobre su \nnavegaci\u00f3n en el site y permitir la visualizaci\u00f3n de contenidos \npublicitarios. No contienen datos personales. El usuario puede \nconfigurar su navegador para aceptar o rechazar la instalaci\u00f3n de \ncookies o suprimirlos una vez haya finalizado su navegaci\u00f3n en el sitio \nWeb. Sin embargo Descubre l\u2019hortaaconseja y agradece que se active la \naceptaci\u00f3n de cookies para poder obtener datos m\u00e1s precisos que permitan\n mejorar el contenido y adaptarlo a las preferencias del usuario. \nDescubre l\u2019horta no se responsabiliza de que la desactivaci\u00f3n de las \ncookies pueda impedir el buen funcionamiento de las p\u00e1ginas Web.<\/p>\n\n\n\n<ol class=\"wp-block-list\"><li>SUSCRIPCION Y REGISTRO.<\/li><\/ol>\n\n\n\n<p>En caso de que Ud. decida suscribirse, se le solicitar\u00e1n una serie de\n datos personales imprescindibles con la finalidad de gestionar los \nproductos o servicios solicitados (nombre, apellidos, email, direcci\u00f3n \npostal, etc.). Igualmente se le podr\u00e1 requerir que aporte \nvoluntariamente una serie de datos complementarios destinados a labores \nde informaci\u00f3n y comercializaci\u00f3n de ofertas, servicios, o actividades \nrelacionadas con los mismos y limitadas a las actividades y servicios de\n Descubre l\u2019horta.<\/p>\n\n\n\n<ol class=\"wp-block-list\"><li>VERACIDAD DE LA INFORMACI\u00d3N.<\/li><\/ol>\n\n\n\n<p>Los usuarios responder\u00e1n, en cualquier caso, de la veracidad de los \ndatos facilitados, siendo responsables de comunicar cualquier \nmodificaci\u00f3n en los mismos, y quedando Descubre l\u2019horta exenta &nbsp;de \ncualquier tipo de responsabilidad a este respecto. Descubre l\u2019horta se \nreserva el derecho a excluir de los servicios registrados a todo usuario\n que haya facilitado datos falsos, sin perjuicio de las dem\u00e1s acciones \nque procedan en Derecho.<\/p>\n","protected":false},"excerpt":{"rendered":"<p>Pol\u00edtica de privacidad y protecci\u00f3n de datos Pol\u00edtica de Privacidad y Protecci\u00f3n de Datos Personales Descubre l\u2019horta. POLITICA Y CLA\u00daSULAS DE PRIVACIDAD. Esta declaraci\u00f3n tiene como finalidad informar a los usuarios de la Pol\u00edtica general de Privacidad y Protecci\u00f3n de Datos Personales seguida por Descubre l\u2019horta. Esta Pol\u00edtica de Privacidad podr\u00eda variar en funci\u00f3n de [&#8230;]\n","protected":false},"author":4,"featured_media":0,"parent":0,"menu_order":0,"comment_status":"closed","ping_status":"closed","template":"","meta":{"footnotes":""},"class_list":["post-1316","page","type-page","status-publish","hentry"],"yoast_head":"<!-- This site is optimized with the Yoast SEO plugin v27.4 - https:\/\/yoast.com\/product\/yoast-seo-wordpress\/ -->\n<title>Pol\u00edtica de privacidad - Descubre l&#039;Horta<\/title>\n<meta name=\"robots\" content=\"index, follow, max-snippet:-1, max-image-preview:large, max-video-preview:-1\" \/>\n<link rel=\"canonical\" href=\"https:\/\/descubrelhorta.com\/fr\/politica-de-privacidad\/\" \/>\n<meta property=\"og:locale\" content=\"fr_FR\" \/>\n<meta property=\"og:type\" content=\"article\" \/>\n<meta property=\"og:title\" content=\"Pol\u00edtica de privacidad - Descubre l&#039;Horta\" \/>\n<meta property=\"og:description\" content=\"Pol\u00edtica de privacidad y protecci\u00f3n de datos Pol\u00edtica de Privacidad y Protecci\u00f3n de Datos Personales Descubre l\u2019horta. POLITICA Y CLA\u00daSULAS DE PRIVACIDAD. Esta declaraci\u00f3n tiene como finalidad informar a los usuarios de la Pol\u00edtica general de Privacidad y Protecci\u00f3n de Datos Personales seguida por Descubre l\u2019horta. Esta Pol\u00edtica de Privacidad podr\u00eda variar en funci\u00f3n de [...]\" \/>\n<meta property=\"og:url\" content=\"https:\/\/descubrelhorta.com\/fr\/politica-de-privacidad\/\" \/>\n<meta property=\"og:site_name\" content=\"Descubre l&#039;Horta\" \/>\n<meta name=\"twitter:card\" content=\"summary_large_image\" \/>\n<meta name=\"twitter:label1\" content=\"Dur\u00e9e de lecture estim\u00e9e\" \/>\n\t<meta name=\"twitter:data1\" content=\"3 minutes\" \/>\n<script type=\"application\/ld+json\" class=\"yoast-schema-graph\">{\"@context\":\"https:\\\/\\\/schema.org\",\"@graph\":[{\"@type\":\"WebPage\",\"@id\":\"https:\\\/\\\/descubrelhorta.com\\\/fr\\\/politica-de-privacidad\\\/\",\"url\":\"https:\\\/\\\/descubrelhorta.com\\\/fr\\\/politica-de-privacidad\\\/\",\"name\":\"Pol\u00edtica de privacidad - Descubre l&#039;Horta\",\"isPartOf\":{\"@id\":\"https:\\\/\\\/descubrelhorta.com\\\/fr\\\/#website\"},\"datePublished\":\"2018-07-11T10:39:02+00:00\",\"breadcrumb\":{\"@id\":\"https:\\\/\\\/descubrelhorta.com\\\/fr\\\/politica-de-privacidad\\\/#breadcrumb\"},\"inLanguage\":\"fr-FR\",\"potentialAction\":[{\"@type\":\"ReadAction\",\"target\":[\"https:\\\/\\\/descubrelhorta.com\\\/fr\\\/politica-de-privacidad\\\/\"]}]},{\"@type\":\"BreadcrumbList\",\"@id\":\"https:\\\/\\\/descubrelhorta.com\\\/fr\\\/politica-de-privacidad\\\/#breadcrumb\",\"itemListElement\":[{\"@type\":\"ListItem\",\"position\":1,\"name\":\"Portada\",\"item\":\"https:\\\/\\\/descubrelhorta.com\\\/fr\\\/\"},{\"@type\":\"ListItem\",\"position\":2,\"name\":\"Pol\u00edtica de privacidad\"}]},{\"@type\":\"WebSite\",\"@id\":\"https:\\\/\\\/descubrelhorta.com\\\/fr\\\/#website\",\"url\":\"https:\\\/\\\/descubrelhorta.com\\\/fr\\\/\",\"name\":\"Descubre l'horta\",\"description\":\"Talleres y Cursos de Paella Valenciana. Visita Huerto Ecol\u00f3gico. Cal\u00e7otadas\",\"potentialAction\":[{\"@type\":\"SearchAction\",\"target\":{\"@type\":\"EntryPoint\",\"urlTemplate\":\"https:\\\/\\\/descubrelhorta.com\\\/fr\\\/?s={search_term_string}\"},\"query-input\":{\"@type\":\"PropertyValueSpecification\",\"valueRequired\":true,\"valueName\":\"search_term_string\"}}],\"inLanguage\":\"fr-FR\"}]}<\/script>\n<!-- \/ Yoast SEO plugin. -->","yoast_head_json":{"title":"Pol\u00edtica de privacidad - Descubre l&#039;Horta","robots":{"index":"index","follow":"follow","max-snippet":"max-snippet:-1","max-image-preview":"max-image-preview:large","max-video-preview":"max-video-preview:-1"},"canonical":"https:\/\/descubrelhorta.com\/fr\/politica-de-privacidad\/","og_locale":"fr_FR","og_type":"article","og_title":"Pol\u00edtica de privacidad - Descubre l&#039;Horta","og_description":"Pol\u00edtica de privacidad y protecci\u00f3n de datos Pol\u00edtica de Privacidad y Protecci\u00f3n de Datos Personales Descubre l\u2019horta. POLITICA Y CLA\u00daSULAS DE PRIVACIDAD. Esta declaraci\u00f3n tiene como finalidad informar a los usuarios de la Pol\u00edtica general de Privacidad y Protecci\u00f3n de Datos Personales seguida por Descubre l\u2019horta. Esta Pol\u00edtica de Privacidad podr\u00eda variar en funci\u00f3n de [...]","og_url":"https:\/\/descubrelhorta.com\/fr\/politica-de-privacidad\/","og_site_name":"Descubre l&#039;Horta","twitter_card":"summary_large_image","twitter_misc":{"Dur\u00e9e de lecture estim\u00e9e":"3 minutes"},"schema":{"@context":"https:\/\/schema.org","@graph":[{"@type":"WebPage","@id":"https:\/\/descubrelhorta.com\/fr\/politica-de-privacidad\/","url":"https:\/\/descubrelhorta.com\/fr\/politica-de-privacidad\/","name":"Pol\u00edtica de privacidad - Descubre l&#039;Horta","isPartOf":{"@id":"https:\/\/descubrelhorta.com\/fr\/#website"},"datePublished":"2018-07-11T10:39:02+00:00","breadcrumb":{"@id":"https:\/\/descubrelhorta.com\/fr\/politica-de-privacidad\/#breadcrumb"},"inLanguage":"fr-FR","potentialAction":[{"@type":"ReadAction","target":["https:\/\/descubrelhorta.com\/fr\/politica-de-privacidad\/"]}]},{"@type":"BreadcrumbList","@id":"https:\/\/descubrelhorta.com\/fr\/politica-de-privacidad\/#breadcrumb","itemListElement":[{"@type":"ListItem","position":1,"name":"Portada","item":"https:\/\/descubrelhorta.com\/fr\/"},{"@type":"ListItem","position":2,"name":"Pol\u00edtica de privacidad"}]},{"@type":"WebSite","@id":"https:\/\/descubrelhorta.com\/fr\/#website","url":"https:\/\/descubrelhorta.com\/fr\/","name":"Descubre l'horta","description":"Talleres y Cursos de Paella Valenciana. Visita Huerto Ecol\u00f3gico. Cal\u00e7otadas","potentialAction":[{"@type":"SearchAction","target":{"@type":"EntryPoint","urlTemplate":"https:\/\/descubrelhorta.com\/fr\/?s={search_term_string}"},"query-input":{"@type":"PropertyValueSpecification","valueRequired":true,"valueName":"search_term_string"}}],"inLanguage":"fr-FR"}]}},"_links":{"self":[{"href":"https:\/\/descubrelhorta.com\/fr\/wp-json\/wp\/v2\/pages\/1316","targetHints":{"allow":["GET"]}}],"collection":[{"href":"https:\/\/descubrelhorta.com\/fr\/wp-json\/wp\/v2\/pages"}],"about":[{"href":"https:\/\/descubrelhorta.com\/fr\/wp-json\/wp\/v2\/types\/page"}],"author":[{"embeddable":true,"href":"https:\/\/descubrelhorta.com\/fr\/wp-json\/wp\/v2\/users\/4"}],"replies":[{"embeddable":true,"href":"https:\/\/descubrelhorta.com\/fr\/wp-json\/wp\/v2\/comments?post=1316"}],"version-history":[{"count":0,"href":"https:\/\/descubrelhorta.com\/fr\/wp-json\/wp\/v2\/pages\/1316\/revisions"}],"wp:attachment":[{"href":"https:\/\/descubrelhorta.com\/fr\/wp-json\/wp\/v2\/media?parent=1316"}],"curies":[{"name":"wp","href":"https:\/\/api.w.org\/{rel}","templated":true}]}}