{"id":1317,"date":"2018-07-11T10:48:04","date_gmt":"2018-07-11T10:48:04","guid":{"rendered":"https:\/\/descubrelhorta.com\/politica-de-cookies\/"},"modified":"2018-07-11T10:48:04","modified_gmt":"2018-07-11T10:48:04","slug":"politica-de-cookies","status":"publish","type":"page","link":"https:\/\/descubrelhorta.com\/fr\/politica-de-cookies\/","title":{"rendered":"Pol\u00edtica de cookies"},"content":{"rendered":"\n<h2 class=\"wp-block-heading\">Pol\u00edtica de cookies<\/h2>\n\n\n\n<p>Informaci\u00f3n sobre qu\u00e9 son, para qu\u00e9 sirven y c\u00f3mo manejarlas desde su\n navegador. As\u00ed mismo este sitio web no instala ninguna cookie sin su \nconsentimiento<\/p>\n\n\n\n<hr class=\"wp-block-separator\"\/>\n\n\n\n<p>\u00bfQu\u00e9 son las cookies?<\/p>\n\n\n\n<p>Una cookie es un fichero que se descarga en su ordenador al acceder a\n determinadas p\u00e1ginas web. Las cookies permiten a una p\u00e1gina web, entre \notras cosas, almacenar y recuperar informaci\u00f3n sobre los h\u00e1bitos de \nnavegaci\u00f3n de un usuario o de su equipo y, dependiendo de la informaci\u00f3n\n que contengan y de la forma en que utilice su equipo, pueden utilizarse\n para reconocer al usuario.<\/p>\n\n\n\n<hr class=\"wp-block-separator\"\/>\n\n\n\n<p>Tipo de cookie que utiliza esta p\u00e1gina web<\/p>\n\n\n\n<p>La aplicaci\u00f3n que utilizamos para obtener y analizar la informaci\u00f3n de la navegaci\u00f3n es:<\/p>\n\n\n\n<p><strong>Google Analytics<\/strong>:<a href=\"http:\/\/www.google.com\/analytics\/\" target=\"_blank\" rel=\"noreferrer noopener\"> www.google.com\/analytics\/ y <\/a><a href=\"http:\/\/www.google.es\/intl\/es\/analytics\/privacyoverview.html\" target=\"_blank\" rel=\"noreferrer noopener\">www.google.es\/intl\/es\/analytics\/privacyoverview.html<\/a><\/p>\n\n\n\n<p>Esta aplicaci\u00f3n ha sido desarrollada por Google, que nos presta el \nservicio de an\u00e1lisis de la audiencia de nuestra p\u00e1gina. Esta empresa \npuede utilizar estos datos para mejorar sus propios servicios y para \nofrecer servicios a otras empresas. Puedes conocer esos otros usos desde\n los enlaces indicados.<\/p>\n\n\n\n<p>Esta herramienta no obtiene datos de los nombres o apellidos de los \nusuarios ni de la direcci\u00f3n postal desde donde se conectan. La \ninformaci\u00f3n que obtiene esta relacionada por ejemplo con el n\u00famero de \np\u00e1ginas visitas, el idioma, red social en la que se publican nuestras \nnoticias, la ciudad a la que est\u00e1 asignada la direcci\u00f3n IP desde la que \nacceden los usuarios, el n\u00famero de usuarios que nos visitan, la \nfrecuencia y reincidencia de las visitas, el tiempo de visita, el \nnavegador que usan, el operador o tipo de terminal desde el que se \nrealiza la visita.<\/p>\n\n\n\n<p>Esta informaci\u00f3n la utilizamos para mejorar nuestra p\u00e1gina, detectar \nnuevas necesidades y valorar las mejoras a introducir con la finalidad \nde prestar un mejor servicio a los usuarios que nos visitan.<\/p>\n\n\n\n<p>Usted puede permitir, bloquear o eliminar las cookies instaladas en \nsu equipo mediante la configuraci\u00f3n de las opciones del navegador \ninstalado en su ordenador. Debe tener en cuenta que al eliminar o \nbloquear cookies es posible que ciertos servicios ofrecidos por nuestro \nsitio web queden deshabilitados o no est\u00e9n disponibles. Como desactivar o\n eliminar en cada uno de los navegadores:<\/p>\n\n\n\n<ul class=\"wp-block-list\"><li>Mozilla Firefox:&nbsp;<a href=\"http:\/\/support.mozilla.org\/es\/kb\/habilitar-y-deshabilitar-cookies-que-lossitios-we\" target=\"_blank\" rel=\"noreferrer noopener\">visitar esta p\u00e1gina<\/a><\/li><li>Google Chrome:&nbsp;<a href=\"https:\/\/support.google.com\/chrome\/answer\/95647?hl=es\" target=\"_blank\" rel=\"noreferrer noopener\">visitar esta p\u00e1gina<\/a><\/li><li>Internet Explorer:&nbsp;<a href=\"http:\/\/windows.microsoft.com\/es-ES\/windows-vista\/Block-or-allowcookies\" target=\"_blank\" rel=\"noreferrer noopener\">visitar esta p\u00e1gina<\/a><\/li><li>Para otros navegadores consulte las opciones de ayuda del mismo<\/li><\/ul>\n\n\n\n<hr class=\"wp-block-separator\"\/>\n\n\n\n<p>Consentimiento para el uso de las cookies<\/p>\n\n\n\n<p>Si usted sigue haciendo uso de nuestra p\u00e1gina web despu\u00e9s de haberle \ninformado sobre nuestra pol\u00edtica de cookies entendemos que acepta la \nutilizaci\u00f3n de las cookies. Al acceder a este sitio web por primera vez \nver\u00e1 una ventana donde se le informa de la utilizaci\u00f3n de las cookies y \ndonde puede consultar la pol\u00edtica de cookies. Puede usted revocar su \nconsentimiento en cualquier momento desactivando las cookies de nuestra \nweb tal como indicamos en el apartado anterior. Est\u00e1 revocaci\u00f3n puede \nimpedir el uso de algunos de los servicios de nuestra web.<\/p>\n\n\n\n<hr class=\"wp-block-separator\"\/>\n\n\n\n<p>Cambios en la Pol\u00edtica de las cookies<\/p>\n\n\n\n<p>Nuestro portal puede modificar esta Pol\u00edtica de Cookies en funci\u00f3n de\n exigencias legislativas, reglamentarias, o con la finalidad de adaptar \ndicha pol\u00edtica a las instrucciones dictadas por la Agencia Espa\u00f1ola de \nProtecci\u00f3n de Datos, por lo que se aconseja a los usuarios que la \nvisiten peri\u00f3dicamente.<\/p>\n","protected":false},"excerpt":{"rendered":"<p>Pol\u00edtica de cookies Informaci\u00f3n sobre qu\u00e9 son, para qu\u00e9 sirven y c\u00f3mo manejarlas desde su navegador. As\u00ed mismo este sitio web no instala ninguna cookie sin su consentimiento \u00bfQu\u00e9 son las cookies? Una cookie es un fichero que se descarga en su ordenador al acceder a determinadas p\u00e1ginas web. Las cookies permiten a una p\u00e1gina [&#8230;]\n","protected":false},"author":4,"featured_media":0,"parent":0,"menu_order":0,"comment_status":"closed","ping_status":"closed","template":"","meta":{"footnotes":""},"class_list":["post-1317","page","type-page","status-publish","hentry"],"yoast_head":"<!-- This site is optimized with the Yoast SEO plugin v27.4 - https:\/\/yoast.com\/product\/yoast-seo-wordpress\/ -->\n<title>Pol\u00edtica de cookies - Descubre l&#039;Horta<\/title>\n<meta name=\"robots\" content=\"index, follow, max-snippet:-1, max-image-preview:large, max-video-preview:-1\" \/>\n<link rel=\"canonical\" href=\"https:\/\/descubrelhorta.com\/fr\/politica-de-cookies\/\" \/>\n<meta property=\"og:locale\" content=\"fr_FR\" \/>\n<meta property=\"og:type\" content=\"article\" \/>\n<meta property=\"og:title\" content=\"Pol\u00edtica de cookies - Descubre l&#039;Horta\" \/>\n<meta property=\"og:description\" content=\"Pol\u00edtica de cookies Informaci\u00f3n sobre qu\u00e9 son, para qu\u00e9 sirven y c\u00f3mo manejarlas desde su navegador. As\u00ed mismo este sitio web no instala ninguna cookie sin su consentimiento \u00bfQu\u00e9 son las cookies? Una cookie es un fichero que se descarga en su ordenador al acceder a determinadas p\u00e1ginas web. Las cookies permiten a una p\u00e1gina [...]\" \/>\n<meta property=\"og:url\" content=\"https:\/\/descubrelhorta.com\/fr\/politica-de-cookies\/\" \/>\n<meta property=\"og:site_name\" content=\"Descubre l&#039;Horta\" \/>\n<meta name=\"twitter:card\" content=\"summary_large_image\" \/>\n<meta name=\"twitter:label1\" content=\"Dur\u00e9e de lecture estim\u00e9e\" \/>\n\t<meta name=\"twitter:data1\" content=\"3 minutes\" \/>\n<script type=\"application\/ld+json\" class=\"yoast-schema-graph\">{\"@context\":\"https:\\\/\\\/schema.org\",\"@graph\":[{\"@type\":\"WebPage\",\"@id\":\"https:\\\/\\\/descubrelhorta.com\\\/fr\\\/politica-de-cookies\\\/\",\"url\":\"https:\\\/\\\/descubrelhorta.com\\\/fr\\\/politica-de-cookies\\\/\",\"name\":\"Pol\u00edtica de cookies - Descubre l&#039;Horta\",\"isPartOf\":{\"@id\":\"https:\\\/\\\/descubrelhorta.com\\\/fr\\\/#website\"},\"datePublished\":\"2018-07-11T10:48:04+00:00\",\"breadcrumb\":{\"@id\":\"https:\\\/\\\/descubrelhorta.com\\\/fr\\\/politica-de-cookies\\\/#breadcrumb\"},\"inLanguage\":\"fr-FR\",\"potentialAction\":[{\"@type\":\"ReadAction\",\"target\":[\"https:\\\/\\\/descubrelhorta.com\\\/fr\\\/politica-de-cookies\\\/\"]}]},{\"@type\":\"BreadcrumbList\",\"@id\":\"https:\\\/\\\/descubrelhorta.com\\\/fr\\\/politica-de-cookies\\\/#breadcrumb\",\"itemListElement\":[{\"@type\":\"ListItem\",\"position\":1,\"name\":\"Portada\",\"item\":\"https:\\\/\\\/descubrelhorta.com\\\/fr\\\/\"},{\"@type\":\"ListItem\",\"position\":2,\"name\":\"Pol\u00edtica de cookies\"}]},{\"@type\":\"WebSite\",\"@id\":\"https:\\\/\\\/descubrelhorta.com\\\/fr\\\/#website\",\"url\":\"https:\\\/\\\/descubrelhorta.com\\\/fr\\\/\",\"name\":\"Descubre l'horta\",\"description\":\"Talleres y Cursos de Paella Valenciana. Visita Huerto Ecol\u00f3gico. Cal\u00e7otadas\",\"potentialAction\":[{\"@type\":\"SearchAction\",\"target\":{\"@type\":\"EntryPoint\",\"urlTemplate\":\"https:\\\/\\\/descubrelhorta.com\\\/fr\\\/?s={search_term_string}\"},\"query-input\":{\"@type\":\"PropertyValueSpecification\",\"valueRequired\":true,\"valueName\":\"search_term_string\"}}],\"inLanguage\":\"fr-FR\"}]}<\/script>\n<!-- \/ Yoast SEO plugin. -->","yoast_head_json":{"title":"Pol\u00edtica de cookies - Descubre l&#039;Horta","robots":{"index":"index","follow":"follow","max-snippet":"max-snippet:-1","max-image-preview":"max-image-preview:large","max-video-preview":"max-video-preview:-1"},"canonical":"https:\/\/descubrelhorta.com\/fr\/politica-de-cookies\/","og_locale":"fr_FR","og_type":"article","og_title":"Pol\u00edtica de cookies - Descubre l&#039;Horta","og_description":"Pol\u00edtica de cookies Informaci\u00f3n sobre qu\u00e9 son, para qu\u00e9 sirven y c\u00f3mo manejarlas desde su navegador. As\u00ed mismo este sitio web no instala ninguna cookie sin su consentimiento \u00bfQu\u00e9 son las cookies? Una cookie es un fichero que se descarga en su ordenador al acceder a determinadas p\u00e1ginas web. Las cookies permiten a una p\u00e1gina [...]","og_url":"https:\/\/descubrelhorta.com\/fr\/politica-de-cookies\/","og_site_name":"Descubre l&#039;Horta","twitter_card":"summary_large_image","twitter_misc":{"Dur\u00e9e de lecture estim\u00e9e":"3 minutes"},"schema":{"@context":"https:\/\/schema.org","@graph":[{"@type":"WebPage","@id":"https:\/\/descubrelhorta.com\/fr\/politica-de-cookies\/","url":"https:\/\/descubrelhorta.com\/fr\/politica-de-cookies\/","name":"Pol\u00edtica de cookies - Descubre l&#039;Horta","isPartOf":{"@id":"https:\/\/descubrelhorta.com\/fr\/#website"},"datePublished":"2018-07-11T10:48:04+00:00","breadcrumb":{"@id":"https:\/\/descubrelhorta.com\/fr\/politica-de-cookies\/#breadcrumb"},"inLanguage":"fr-FR","potentialAction":[{"@type":"ReadAction","target":["https:\/\/descubrelhorta.com\/fr\/politica-de-cookies\/"]}]},{"@type":"BreadcrumbList","@id":"https:\/\/descubrelhorta.com\/fr\/politica-de-cookies\/#breadcrumb","itemListElement":[{"@type":"ListItem","position":1,"name":"Portada","item":"https:\/\/descubrelhorta.com\/fr\/"},{"@type":"ListItem","position":2,"name":"Pol\u00edtica de cookies"}]},{"@type":"WebSite","@id":"https:\/\/descubrelhorta.com\/fr\/#website","url":"https:\/\/descubrelhorta.com\/fr\/","name":"Descubre l'horta","description":"Talleres y Cursos de Paella Valenciana. Visita Huerto Ecol\u00f3gico. Cal\u00e7otadas","potentialAction":[{"@type":"SearchAction","target":{"@type":"EntryPoint","urlTemplate":"https:\/\/descubrelhorta.com\/fr\/?s={search_term_string}"},"query-input":{"@type":"PropertyValueSpecification","valueRequired":true,"valueName":"search_term_string"}}],"inLanguage":"fr-FR"}]}},"_links":{"self":[{"href":"https:\/\/descubrelhorta.com\/fr\/wp-json\/wp\/v2\/pages\/1317","targetHints":{"allow":["GET"]}}],"collection":[{"href":"https:\/\/descubrelhorta.com\/fr\/wp-json\/wp\/v2\/pages"}],"about":[{"href":"https:\/\/descubrelhorta.com\/fr\/wp-json\/wp\/v2\/types\/page"}],"author":[{"embeddable":true,"href":"https:\/\/descubrelhorta.com\/fr\/wp-json\/wp\/v2\/users\/4"}],"replies":[{"embeddable":true,"href":"https:\/\/descubrelhorta.com\/fr\/wp-json\/wp\/v2\/comments?post=1317"}],"version-history":[{"count":0,"href":"https:\/\/descubrelhorta.com\/fr\/wp-json\/wp\/v2\/pages\/1317\/revisions"}],"wp:attachment":[{"href":"https:\/\/descubrelhorta.com\/fr\/wp-json\/wp\/v2\/media?parent=1317"}],"curies":[{"name":"wp","href":"https:\/\/api.w.org\/{rel}","templated":true}]}}