{"id":1318,"date":"2018-07-11T10:38:30","date_gmt":"2018-07-11T10:38:30","guid":{"rendered":"https:\/\/descubrelhorta.com\/aviso-legal\/"},"modified":"2018-07-11T10:38:30","modified_gmt":"2018-07-11T10:38:30","slug":"aviso-legal","status":"publish","type":"page","link":"https:\/\/descubrelhorta.com\/fr\/aviso-legal\/","title":{"rendered":"Aviso legal"},"content":{"rendered":"\n<h2 class=\"wp-block-heading\"><strong>Aviso Legal<\/strong><\/h2>\n\n\n\n<p>Aviso Legal \u2013 Condiciones Generales de Uso.<\/p>\n\n\n\n<p>1. DATOS IDENTIFICATIVOS. En cumplimiento con el deber de informaci\u00f3n\n recogido en art\u00edculo 10 de la Ley 34\/2002, de 11 de julio, de Servicios\n de la Sociedad de la Informaci\u00f3n y del Comercio Electr\u00f3nico, a \ncontinuaci\u00f3n se reflejan los siguientes datos: Descubre l\u2019horta, con \ndomicilio en Josep Renau, n\u00ba 44<br>\n46016 Borbot\u00f3. Valencia<\/p>\n\n\n\n<p>2. USUARIOS: El acceso y\/o uso de los Sites de Descubre l\u2019horta \natribuye la condici\u00f3n de USUARIO, que acepta, desde dicho acceso y\/o \nuso, las Condiciones Generales de Uso aqu\u00ed reflejadas. Las citadas \ncondiciones ser\u00e1n de aplicaci\u00f3n independientemente de las Condiciones \nGenerales de Contrataci\u00f3n que en su caso resulten de obligado \ncumplimiento.<\/p>\n\n\n\n<p>3. USO DEL SITE: el sitio Web de Descubre l\u2019horta proporciona el \nacceso a multitud de informaciones, servicios, herramientas, programas o\n datos (en adelante, \u201clos contenidos\u201d) en Internet pertenecientes a \nDescubre l\u2019horta, y a los que el USUARIO puede tener acceso. El USUARIO \nasume la responsabilidad del uso del Site.<\/p>\n\n\n\n<p>Dicha responsabilidad se extiende al registro que fuese necesario \npara acceder a determinados servicios o contenidos. En dicho registro el\n USUARIO ser\u00e1 responsable de aportar informaci\u00f3n veraz y l\u00edcita. Como \nconsecuencia de este Registro, al USUARIO se le puede proporcionar una \ncontrase\u00f1a de la que ser\u00e1 responsable, comprometi\u00e9ndose a hacer un uso \ndiligente y confidencial de la misma.<\/p>\n\n\n\n<p>4. El USUARIO se compromete a hacer un uso adecuado de los contenidos\n y servicios (como por ejemplo servicios de chat, foros de discusi\u00f3n o \ngrupos de noticias) que Descubre l\u2019horta ofrece a trav\u00e9s de su Site y \ncon car\u00e1cter enunciativo pero no limitativo, a no emplearlos para (i) \nincurrir en actividades il\u00edcitas, ilegales o contrarias a la buena fe y \nal orden p\u00fablico; (ii) difundir contenidos o propaganda de car\u00e1cter \nracista, xen\u00f3fobo, pornogr\u00e1fico-ilegal, de apolog\u00eda del terrorismo o \natentatorio contra los derechos humanos; (iii) provocar da\u00f1os en los \nsistemas f\u00edsicos y l\u00f3gicos de Descubre l\u2019horta , de sus proveedores o de\n terceras personas, introducir o difundir en la red virus inform\u00e1ticos o\n cualesquiera otros sistemas f\u00edsicos o l\u00f3gicos que sean susceptibles de \nprovocar los da\u00f1os anteriormente mencionados; (iv) intentar acceder y, \nen su caso, utilizar las cuentas de correo electr\u00f3nico de otros usuarios\n y modificar o manipular sus mensajes.<\/p>\n\n\n\n<p>Descubre l\u2019horta se reserva el derecho de retirar todos aquellos \ncomentarios y aportaciones que vulneren el respeto a la dignidad de la \npersona, que sean discriminatorios, xen\u00f3fobos, racistas, pornogr\u00e1ficos, \nque atenten contra la juventud o la infancia, el orden o la seguridad \np\u00fablica o que, a su juicio, no resultaran adecuados para su publicaci\u00f3n.\n En cualquier caso, Descubre l\u2019horta no ser\u00e1 responsable de las \nopiniones vertidas por los usuarios a trav\u00e9s de los foros, chats, u \notras herramientas 5. PROTECCI\u00d3N DE DATOS: Descubre l\u2019horta cumple con \nlas directrices de la Ley Org\u00e1nica 15\/1999 de 13 de diciembre de \nProtecci\u00f3n de Datos de Car\u00e1cter Personal, el Real Decreto 1720\/2007 de \n21 de diciembre por el que se aprueba el Reglamento de desarrollo de la \nLey Org\u00e1nica y dem\u00e1s normativa vigente en cada momento, y vela por \ngarantizar un correcto uso y tratamiento de los datos personales del \nusuario. Para ello, junto a cada formulario de recabo de datos de \ncar\u00e1cter personal, en los servicios que el USUARIO pueda solicitar a \nDescubre l\u2019horta, har\u00e1 saber al USUARIO de la existencia y aceptaci\u00f3n de\n las condiciones particulares del tratamiento de sus datos en cada caso,\n inform\u00e1ndole de la responsabilidad del fichero creado, la direcci\u00f3n del\n responsable, la posibilidad de ejercer sus derechos de acceso, \nrectificaci\u00f3n, cancelaci\u00f3n u oposici\u00f3n, la finalidad del tratamiento y \nlas comunicaciones de datos a terceros en su caso. Asimismo, Descubre \nl\u2019horta informa que da cumplimiento a la Ley 34\/2002 de 11 de julio, de \nServicios de la Sociedad de la Informaci\u00f3n y el Comercio Electr\u00f3nico y \nle solicitar\u00e1 su consentimiento al tratamiento de su correo electr\u00f3nico \ncon fines comerciales en cada momento.<\/p>\n\n\n\n<p>5. EXCLUSI\u00d3N DE GARANT\u00cdAS Y RESPONSABILIDAD: Descubre l\u2019horta no se \nhace responsable, en ning\u00fan caso, de los da\u00f1os y perjuicios de cualquier\n naturaleza que pudieran ocasionar, a t\u00edtulo enunciativo: errores u \nomisiones en los contenidos, falta de disponibilidad del portal o la \ntransmisi\u00f3n de virus o programas maliciosos o lesivos en los contenidos,\n a pesar de haber adoptado todas las medidas tecnol\u00f3gicas necesarias \npara evitarlo.<\/p>\n\n\n\n<p>6. MODIFICACIONES: Descubre l\u2019horta se reserva el derecho de efectuar\n sin previo aviso las modificaciones que considere oportunas en su Site,\n pudiendo cambiar, suprimir o a\u00f1adir tanto los contenidos y servicios \nque se presten a trav\u00e9s de la misma como la forma en la que \u00e9stos \naparezcan presentados o localizados en su Site.<\/p>\n\n\n\n<p>7. EMPLEO DE COOKIES: Descubre l\u2019horta podr\u00e1 utilizar cookies para \npersonalizar y facilitar al m\u00e1ximo la navegaci\u00f3n del USUARIO por su \nSite. Las cookies se asocian \u00fanicamente a un USUARIO an\u00f3nimo y su \nordenador y no proporcionan referencias que permitan deducir datos \npersonales del USUARIO. El USUARIO podr\u00e1&nbsp;configurar su navegador para \nque notifique y rechace la instalaci\u00f3n de las cookies enviadas por \nDescubre l\u2019horta, sin que ello perjudique la posibilidad del USUARIO de \nacceder a los Contenidos.<\/p>\n\n\n\n<p>8. ENLACES: En el caso de que en el Site se dispusiesen enlaces o \nhiperv\u00ednculos hac\u00eda otros sitios de Internet, Descubre l\u2019horta no \nejercer\u00e1 ning\u00fan tipo de control sobre dichos sitios y contenidos. En \nning\u00fan caso asumir\u00e1 responsabilidad alguna por los contenidos de alg\u00fan \nenlace perteneciente a un sitio web ajeno, ni garantizar\u00e1 la \ndisponibilidad t\u00e9cnica, calidad, fiabilidad, exactitud, amplitud, \nveracidad, validez y constitucionalidad de cualquier material o \ninformaci\u00f3n contenida en ninguno de dichos hiperv\u00ednculos u otros sitios \nde Internet. Igualmente la inclusi\u00f3n de estas conexiones externas no \nimplicar\u00e1 ning\u00fan tipo de asociaci\u00f3n, fusi\u00f3n o participaci\u00f3n con las \nentidades conectadas.<\/p>\n\n\n\n<p>9. DERECHO DE EXCLUSI\u00d3N: Descubre l\u2019horta se reserva el derecho a \ndenegar o retirar el acceso a su Site y\/o los servicios ofrecidos sin \nnecesidad de preaviso, a instancia propia o de un tercero, a aquellos \nusuarios que incumplan las presentes Condiciones Generales de Uso.<\/p>\n\n\n\n<p>10. GENERALIDADES: Descubre l\u2019horta perseguir\u00e1 el incumplimiento de \nlas presentes condiciones as\u00ed como cualquier utilizaci\u00f3n indebida de su \nSite ejerciendo todas las acciones civiles y penales que le puedan \ncorresponder en derecho.<\/p>\n\n\n\n<p>11. MODIFICACI\u00d3N DE LAS PRESENTES CONDICIONES Y DURACI\u00d3N: Descubre \nl\u2019horta podr\u00e1 modificar en cualquier momento las condiciones aqu\u00ed \ndeterminadas, siendo debidamente publicadas como aqu\u00ed aparecen. La \nvigencia de las citadas condiciones ir\u00e1 en funci\u00f3n de su exposici\u00f3n y \nestar\u00e1n vigentes hasta que sean modificadas por otras debidamente \npublicadas.<\/p>\n\n\n\n<p>12. LEGISLACI\u00d3N APLICABLE Y JURISDICCI\u00d3N: La relaci\u00f3n entre Descubre \nl\u2019horta &nbsp;y el USUARIO se regir\u00e1 por la normativa espa\u00f1ola vigente y \ncualquier controversia se someter\u00e1 a los Juzgados y tribunales de la \nciudad de Madrid.<\/p>\n","protected":false},"excerpt":{"rendered":"<p>Aviso Legal Aviso Legal \u2013 Condiciones Generales de Uso. 1. DATOS IDENTIFICATIVOS. En cumplimiento con el deber de informaci\u00f3n recogido en art\u00edculo 10 de la Ley 34\/2002, de 11 de julio, de Servicios de la Sociedad de la Informaci\u00f3n y del Comercio Electr\u00f3nico, a continuaci\u00f3n se reflejan los siguientes datos: Descubre l\u2019horta, con domicilio en [&#8230;]\n","protected":false},"author":4,"featured_media":0,"parent":0,"menu_order":0,"comment_status":"closed","ping_status":"closed","template":"","meta":{"footnotes":""},"class_list":["post-1318","page","type-page","status-publish","hentry"],"yoast_head":"<!-- This site is optimized with the Yoast SEO plugin v27.4 - https:\/\/yoast.com\/product\/yoast-seo-wordpress\/ -->\n<title>Aviso legal - Descubre l&#039;Horta<\/title>\n<meta name=\"robots\" content=\"index, follow, max-snippet:-1, max-image-preview:large, max-video-preview:-1\" \/>\n<link rel=\"canonical\" href=\"https:\/\/descubrelhorta.com\/fr\/aviso-legal\/\" \/>\n<meta property=\"og:locale\" content=\"fr_FR\" \/>\n<meta property=\"og:type\" content=\"article\" \/>\n<meta property=\"og:title\" content=\"Aviso legal - Descubre l&#039;Horta\" \/>\n<meta property=\"og:description\" content=\"Aviso Legal Aviso Legal \u2013 Condiciones Generales de Uso. 1. DATOS IDENTIFICATIVOS. En cumplimiento con el deber de informaci\u00f3n recogido en art\u00edculo 10 de la Ley 34\/2002, de 11 de julio, de Servicios de la Sociedad de la Informaci\u00f3n y del Comercio Electr\u00f3nico, a continuaci\u00f3n se reflejan los siguientes datos: Descubre l\u2019horta, con domicilio en [...]\" \/>\n<meta property=\"og:url\" content=\"https:\/\/descubrelhorta.com\/fr\/aviso-legal\/\" \/>\n<meta property=\"og:site_name\" content=\"Descubre l&#039;Horta\" \/>\n<meta name=\"twitter:card\" content=\"summary_large_image\" \/>\n<meta name=\"twitter:label1\" content=\"Dur\u00e9e de lecture estim\u00e9e\" \/>\n\t<meta name=\"twitter:data1\" content=\"6 minutes\" \/>\n<script type=\"application\/ld+json\" class=\"yoast-schema-graph\">{\"@context\":\"https:\\\/\\\/schema.org\",\"@graph\":[{\"@type\":\"WebPage\",\"@id\":\"https:\\\/\\\/descubrelhorta.com\\\/fr\\\/aviso-legal\\\/\",\"url\":\"https:\\\/\\\/descubrelhorta.com\\\/fr\\\/aviso-legal\\\/\",\"name\":\"Aviso legal - Descubre l&#039;Horta\",\"isPartOf\":{\"@id\":\"https:\\\/\\\/descubrelhorta.com\\\/fr\\\/#website\"},\"datePublished\":\"2018-07-11T10:38:30+00:00\",\"breadcrumb\":{\"@id\":\"https:\\\/\\\/descubrelhorta.com\\\/fr\\\/aviso-legal\\\/#breadcrumb\"},\"inLanguage\":\"fr-FR\",\"potentialAction\":[{\"@type\":\"ReadAction\",\"target\":[\"https:\\\/\\\/descubrelhorta.com\\\/fr\\\/aviso-legal\\\/\"]}]},{\"@type\":\"BreadcrumbList\",\"@id\":\"https:\\\/\\\/descubrelhorta.com\\\/fr\\\/aviso-legal\\\/#breadcrumb\",\"itemListElement\":[{\"@type\":\"ListItem\",\"position\":1,\"name\":\"Portada\",\"item\":\"https:\\\/\\\/descubrelhorta.com\\\/fr\\\/\"},{\"@type\":\"ListItem\",\"position\":2,\"name\":\"Aviso legal\"}]},{\"@type\":\"WebSite\",\"@id\":\"https:\\\/\\\/descubrelhorta.com\\\/fr\\\/#website\",\"url\":\"https:\\\/\\\/descubrelhorta.com\\\/fr\\\/\",\"name\":\"Descubre l'horta\",\"description\":\"Talleres y Cursos de Paella Valenciana. Visita Huerto Ecol\u00f3gico. Cal\u00e7otadas\",\"potentialAction\":[{\"@type\":\"SearchAction\",\"target\":{\"@type\":\"EntryPoint\",\"urlTemplate\":\"https:\\\/\\\/descubrelhorta.com\\\/fr\\\/?s={search_term_string}\"},\"query-input\":{\"@type\":\"PropertyValueSpecification\",\"valueRequired\":true,\"valueName\":\"search_term_string\"}}],\"inLanguage\":\"fr-FR\"}]}<\/script>\n<!-- \/ Yoast SEO plugin. -->","yoast_head_json":{"title":"Aviso legal - Descubre l&#039;Horta","robots":{"index":"index","follow":"follow","max-snippet":"max-snippet:-1","max-image-preview":"max-image-preview:large","max-video-preview":"max-video-preview:-1"},"canonical":"https:\/\/descubrelhorta.com\/fr\/aviso-legal\/","og_locale":"fr_FR","og_type":"article","og_title":"Aviso legal - Descubre l&#039;Horta","og_description":"Aviso Legal Aviso Legal \u2013 Condiciones Generales de Uso. 1. DATOS IDENTIFICATIVOS. En cumplimiento con el deber de informaci\u00f3n recogido en art\u00edculo 10 de la Ley 34\/2002, de 11 de julio, de Servicios de la Sociedad de la Informaci\u00f3n y del Comercio Electr\u00f3nico, a continuaci\u00f3n se reflejan los siguientes datos: Descubre l\u2019horta, con domicilio en [...]","og_url":"https:\/\/descubrelhorta.com\/fr\/aviso-legal\/","og_site_name":"Descubre l&#039;Horta","twitter_card":"summary_large_image","twitter_misc":{"Dur\u00e9e de lecture estim\u00e9e":"6 minutes"},"schema":{"@context":"https:\/\/schema.org","@graph":[{"@type":"WebPage","@id":"https:\/\/descubrelhorta.com\/fr\/aviso-legal\/","url":"https:\/\/descubrelhorta.com\/fr\/aviso-legal\/","name":"Aviso legal - Descubre l&#039;Horta","isPartOf":{"@id":"https:\/\/descubrelhorta.com\/fr\/#website"},"datePublished":"2018-07-11T10:38:30+00:00","breadcrumb":{"@id":"https:\/\/descubrelhorta.com\/fr\/aviso-legal\/#breadcrumb"},"inLanguage":"fr-FR","potentialAction":[{"@type":"ReadAction","target":["https:\/\/descubrelhorta.com\/fr\/aviso-legal\/"]}]},{"@type":"BreadcrumbList","@id":"https:\/\/descubrelhorta.com\/fr\/aviso-legal\/#breadcrumb","itemListElement":[{"@type":"ListItem","position":1,"name":"Portada","item":"https:\/\/descubrelhorta.com\/fr\/"},{"@type":"ListItem","position":2,"name":"Aviso legal"}]},{"@type":"WebSite","@id":"https:\/\/descubrelhorta.com\/fr\/#website","url":"https:\/\/descubrelhorta.com\/fr\/","name":"Descubre l'horta","description":"Talleres y Cursos de Paella Valenciana. Visita Huerto Ecol\u00f3gico. Cal\u00e7otadas","potentialAction":[{"@type":"SearchAction","target":{"@type":"EntryPoint","urlTemplate":"https:\/\/descubrelhorta.com\/fr\/?s={search_term_string}"},"query-input":{"@type":"PropertyValueSpecification","valueRequired":true,"valueName":"search_term_string"}}],"inLanguage":"fr-FR"}]}},"_links":{"self":[{"href":"https:\/\/descubrelhorta.com\/fr\/wp-json\/wp\/v2\/pages\/1318","targetHints":{"allow":["GET"]}}],"collection":[{"href":"https:\/\/descubrelhorta.com\/fr\/wp-json\/wp\/v2\/pages"}],"about":[{"href":"https:\/\/descubrelhorta.com\/fr\/wp-json\/wp\/v2\/types\/page"}],"author":[{"embeddable":true,"href":"https:\/\/descubrelhorta.com\/fr\/wp-json\/wp\/v2\/users\/4"}],"replies":[{"embeddable":true,"href":"https:\/\/descubrelhorta.com\/fr\/wp-json\/wp\/v2\/comments?post=1318"}],"version-history":[{"count":0,"href":"https:\/\/descubrelhorta.com\/fr\/wp-json\/wp\/v2\/pages\/1318\/revisions"}],"wp:attachment":[{"href":"https:\/\/descubrelhorta.com\/fr\/wp-json\/wp\/v2\/media?parent=1318"}],"curies":[{"name":"wp","href":"https:\/\/api.w.org\/{rel}","templated":true}]}}